{"id":13080,"date":"2017-10-16T17:01:53","date_gmt":"2017-10-16T16:01:53","guid":{"rendered":"http:\/\/www.hh-groep.be\/la-societe\/"},"modified":"2025-11-03T14:10:56","modified_gmt":"2025-11-03T13:10:56","slug":"la-societe","status":"publish","type":"page","link":"https:\/\/www.vanderhaeghe-group.be\/fr\/la-societe\/","title":{"rendered":"La soci\u00e9t\u00e9"},"content":{"rendered":"\n<style type=\"text\/css\" data-created_by=\"avia_inline_auto\" id=\"style-css-av-av_one_full-15d750bd1b332b34c6e70b077ebbccdf\">\n.flex_column.av-av_one_full-15d750bd1b332b34c6e70b077ebbccdf{\nborder-radius:0px 0px 0px 0px;\npadding:0px 0px 0px 0px;\n}\n<\/style>\n<div  class='flex_column av-av_one_full-15d750bd1b332b34c6e70b077ebbccdf av_one_full  avia-builder-el-0  el_before_av_hr  avia-builder-el-first  first flex_column_div av-zero-column-padding  '     ><div  class='avia-slideshow av-av_slideshow-8529fe797de692b19989601d7dd6761a avia-slideshow-featured av_slideshow avia-slide-slider  avia-builder-el-1  avia-builder-el-no-sibling  av-slideshow-ui av-control-default av-slideshow-manual av-loop-once av-loop-manual-endless av-default-height-applied avia-slideshow-1' data-slideshow-options=\"{&quot;animation&quot;:&quot;slide&quot;,&quot;autoplay&quot;:false,&quot;loop_autoplay&quot;:&quot;once&quot;,&quot;interval&quot;:5,&quot;loop_manual&quot;:&quot;manual-endless&quot;,&quot;autoplay_stopper&quot;:false,&quot;noNavigation&quot;:false,&quot;bg_slider&quot;:false,&quot;keep_padding&quot;:false,&quot;hoverpause&quot;:false,&quot;show_slide_delay&quot;:0}\"  itemprop=\"image\" itemscope=\"itemscope\" itemtype=\"https:\/\/schema.org\/ImageObject\" ><ul class='avia-slideshow-inner ' style='padding-bottom: 32.6923076923%;'><li  class='avia-slideshow-slide av-av_slideshow-8529fe797de692b19989601d7dd6761a__0  av-single-slide slide-1 slide-odd'><div data-rel='slideshow-1' class='avia-slide-wrap '   ><img decoding=\"async\" fetchpriority=\"high\" class=\"wp-image-13075 avia-img-lazy-loading-not-13075\"  src=\"https:\/\/www.vanderhaeghe-group.be\/wp-content\/uploads\/2017\/10\/HH-WILRIJK.jpg\" width=\"1300\" height=\"425\" title='HH-WILRIJK' alt=''  itemprop=\"thumbnailUrl\" srcset=\"https:\/\/www.vanderhaeghe-group.be\/wp-content\/uploads\/2017\/10\/HH-WILRIJK.jpg 1300w, https:\/\/www.vanderhaeghe-group.be\/wp-content\/uploads\/2017\/10\/HH-WILRIJK-300x98.jpg 300w, https:\/\/www.vanderhaeghe-group.be\/wp-content\/uploads\/2017\/10\/HH-WILRIJK-768x251.jpg 768w, https:\/\/www.vanderhaeghe-group.be\/wp-content\/uploads\/2017\/10\/HH-WILRIJK-1030x337.jpg 1030w, https:\/\/www.vanderhaeghe-group.be\/wp-content\/uploads\/2017\/10\/HH-WILRIJK-705x230.jpg 705w\" sizes=\"(max-width: 1300px) 100vw, 1300px\" \/><\/div><\/li><\/ul><\/div><\/div>\n\n<style type=\"text\/css\" data-created_by=\"avia_inline_auto\" id=\"style-css-av-av_hr-16b509a5195eb20636728f8eced9ba64\">\n#top .hr.hr-invisible.av-av_hr-16b509a5195eb20636728f8eced9ba64{\nheight:30px;\n}\n<\/style>\n<div  class='hr av-av_hr-16b509a5195eb20636728f8eced9ba64 hr-invisible  avia-builder-el-2  el_after_av_one_full  el_before_av_textblock '><span class='hr-inner '><span class=\"hr-inner-style\"><\/span><\/span><\/div>\n<section  class='av_textblock_section av-loh1n0rl-82319d8e0209bfd6e25e774d3ed5f623 '   itemscope=\"itemscope\" itemtype=\"https:\/\/schema.org\/CreativeWork\" ><div class='avia_textblock'  itemprop=\"text\" ><p>HH Group (Hilaire Van der Haeghe Group) est le nom commercial de la holding au dessus des soci\u00e9t\u00e9s:<\/p>\n<ul>\n<li>HH Hilaire Van der Haeghe nv &#8211; <a href=\"https:\/\/www.vanderhaeghe.be\/fr\/\" target=\"_blank\" rel=\"noopener\">vanderhaeghe.be<\/a><\/li>\n<li>Ag-tec &#8211; <a href=\"http:\/\/www.ag-tec.be\/fr\/\" target=\"_blank\" rel=\"noopener\">ag-tec.be<\/a><\/li>\n<li>HH Van Der Haeghe bv &#8211; <a href=\"http:\/\/www.vanderhaeghe.nl\" target=\"_blank\" rel=\"noopener\">vanderhaeghe.nl<\/a><\/li>\n<\/ul>\n<p>Nous sommes la r\u00e9f\u00e9rence dans la distribution de mat\u00e9riel techniques et de services dans le secteur des machines agricoles, du mat\u00e9riel pour espaces verts et le mat\u00e9riel de manutention.<\/p>\n<p>Hilaire Van der Haeghe en quelques mots :<\/p>\n<ul>\n<li>Une soci\u00e9t\u00e9 familiale avec 125 ans d\u2019exp\u00e9rience dans la distribution de mat\u00e9riel technique.<\/li>\n<li>Une \u00e9quipe d\u2019experts dans la vente et l\u2019apr\u00e8s-vente pour assurer un service professionnel et personnel.<\/li>\n<li>Un importateur exclusif de marques haut de gamme telles que Fendt, Claas, Amazone, Iseki, Walker, TS, Gianni Ferrari, Ferris, Snapper, Simplicit\u00e9, K\u00f6ppl, Aebi Schmidt,\u00a0 \u2026<\/li>\n<li>Un vaste r\u00e9seau de revendeurs professionnels afin de pouvoir garantir un service local.<\/li>\n<li>Des bureaux \u00e0 Anvers et \u00e0 Fernelmont et une filiale aux Pays-Bas.<\/li>\n<\/ul>\n<p>Ces \u00e9l\u00e9ments font que nous pouvons garantir que l\u2019engagement de nos collaborateurs, la qualit\u00e9 du mat\u00e9riel et des services distribu\u00e9s et le professionnalisme de nos concessionnaires doivent vous permettre en tant que client final de r\u00e9aliser vos travaux de la mani\u00e8re la plus durable et rentable.<\/p>\n<\/div><\/section>\n","protected":false},"excerpt":{"rendered":"","protected":false},"author":21,"featured_media":0,"parent":0,"menu_order":0,"comment_status":"closed","ping_status":"closed","template":"","meta":{"_acf_changed":false,"footnotes":""},"class_list":["post-13080","page","type-page","status-publish","hentry"],"acf":[],"yoast_head":"<!-- This site is optimized with the Yoast SEO plugin v27.5 - https:\/\/yoast.com\/product\/yoast-seo-wordpress\/ -->\n<title>La soci\u00e9t\u00e9 &#8212; Hilaire Van der Haeghe<\/title>\n<meta name=\"robots\" content=\"index, follow, max-snippet:-1, max-image-preview:large, max-video-preview:-1\" \/>\n<link rel=\"canonical\" href=\"https:\/\/www.vanderhaeghe-group.be\/fr\/la-societe\/\" \/>\n<meta property=\"og:locale\" content=\"fr_FR\" \/>\n<meta property=\"og:type\" content=\"article\" \/>\n<meta property=\"og:title\" content=\"La soci\u00e9t\u00e9 &#8212; Hilaire Van der Haeghe\" \/>\n<meta property=\"og:url\" content=\"https:\/\/www.vanderhaeghe-group.be\/fr\/la-societe\/\" \/>\n<meta property=\"og:site_name\" content=\"Hilaire Van der Haeghe\" \/>\n<meta property=\"article:modified_time\" content=\"2025-11-03T13:10:56+00:00\" \/>\n<meta name=\"twitter:card\" content=\"summary_large_image\" \/>\n<meta name=\"twitter:label1\" content=\"Dur\u00e9e de lecture estim\u00e9e\" \/>\n\t<meta name=\"twitter:data1\" content=\"1 minute\" \/>\n<script type=\"application\/ld+json\" class=\"yoast-schema-graph\">{\"@context\":\"https:\\\/\\\/schema.org\",\"@graph\":[{\"@type\":\"WebPage\",\"@id\":\"https:\\\/\\\/www.vanderhaeghe-group.be\\\/fr\\\/la-societe\\\/\",\"url\":\"https:\\\/\\\/www.vanderhaeghe-group.be\\\/fr\\\/la-societe\\\/\",\"name\":\"La soci\u00e9t\u00e9 &#8212; Hilaire Van der Haeghe\",\"isPartOf\":{\"@id\":\"https:\\\/\\\/www.vanderhaeghe-group.be\\\/fr\\\/#website\"},\"datePublished\":\"2017-10-16T16:01:53+00:00\",\"dateModified\":\"2025-11-03T13:10:56+00:00\",\"breadcrumb\":{\"@id\":\"https:\\\/\\\/www.vanderhaeghe-group.be\\\/fr\\\/la-societe\\\/#breadcrumb\"},\"inLanguage\":\"fr-FR\",\"potentialAction\":[{\"@type\":\"ReadAction\",\"target\":[\"https:\\\/\\\/www.vanderhaeghe-group.be\\\/fr\\\/la-societe\\\/\"]}]},{\"@type\":\"BreadcrumbList\",\"@id\":\"https:\\\/\\\/www.vanderhaeghe-group.be\\\/fr\\\/la-societe\\\/#breadcrumb\",\"itemListElement\":[{\"@type\":\"ListItem\",\"position\":1,\"name\":\"Home\",\"item\":\"https:\\\/\\\/www.vanderhaeghe-group.be\\\/fr\\\/\"},{\"@type\":\"ListItem\",\"position\":2,\"name\":\"La soci\u00e9t\u00e9\"}]},{\"@type\":\"WebSite\",\"@id\":\"https:\\\/\\\/www.vanderhaeghe-group.be\\\/fr\\\/#website\",\"url\":\"https:\\\/\\\/www.vanderhaeghe-group.be\\\/fr\\\/\",\"name\":\"Hilaire Van der Haeghe\",\"description\":\"HH Groep\",\"publisher\":{\"@id\":\"https:\\\/\\\/www.vanderhaeghe-group.be\\\/fr\\\/#organization\"},\"potentialAction\":[{\"@type\":\"SearchAction\",\"target\":{\"@type\":\"EntryPoint\",\"urlTemplate\":\"https:\\\/\\\/www.vanderhaeghe-group.be\\\/fr\\\/?s={search_term_string}\"},\"query-input\":{\"@type\":\"PropertyValueSpecification\",\"valueRequired\":true,\"valueName\":\"search_term_string\"}}],\"inLanguage\":\"fr-FR\"},{\"@type\":\"Organization\",\"@id\":\"https:\\\/\\\/www.vanderhaeghe-group.be\\\/fr\\\/#organization\",\"name\":\"Hilaire Van der Haeghe Group\",\"url\":\"https:\\\/\\\/www.vanderhaeghe-group.be\\\/fr\\\/\",\"logo\":{\"@type\":\"ImageObject\",\"inLanguage\":\"fr-FR\",\"@id\":\"https:\\\/\\\/www.vanderhaeghe-group.be\\\/fr\\\/#\\\/schema\\\/logo\\\/image\\\/\",\"url\":\"https:\\\/\\\/www.vanderhaeghe-group.be\\\/wp-content\\\/uploads\\\/2017\\\/10\\\/test-logo-hh-nv.png\",\"contentUrl\":\"https:\\\/\\\/www.vanderhaeghe-group.be\\\/wp-content\\\/uploads\\\/2017\\\/10\\\/test-logo-hh-nv.png\",\"width\":992,\"height\":386,\"caption\":\"Hilaire Van der Haeghe Group\"},\"image\":{\"@id\":\"https:\\\/\\\/www.vanderhaeghe-group.be\\\/fr\\\/#\\\/schema\\\/logo\\\/image\\\/\"}}]}<\/script>\n<!-- \/ Yoast SEO plugin. -->","yoast_head_json":{"title":"La soci\u00e9t\u00e9 &#8212; Hilaire Van der Haeghe","robots":{"index":"index","follow":"follow","max-snippet":"max-snippet:-1","max-image-preview":"max-image-preview:large","max-video-preview":"max-video-preview:-1"},"canonical":"https:\/\/www.vanderhaeghe-group.be\/fr\/la-societe\/","og_locale":"fr_FR","og_type":"article","og_title":"La soci\u00e9t\u00e9 &#8212; Hilaire Van der Haeghe","og_url":"https:\/\/www.vanderhaeghe-group.be\/fr\/la-societe\/","og_site_name":"Hilaire Van der Haeghe","article_modified_time":"2025-11-03T13:10:56+00:00","twitter_card":"summary_large_image","twitter_misc":{"Dur\u00e9e de lecture estim\u00e9e":"1 minute"},"schema":{"@context":"https:\/\/schema.org","@graph":[{"@type":"WebPage","@id":"https:\/\/www.vanderhaeghe-group.be\/fr\/la-societe\/","url":"https:\/\/www.vanderhaeghe-group.be\/fr\/la-societe\/","name":"La soci\u00e9t\u00e9 &#8212; Hilaire Van der Haeghe","isPartOf":{"@id":"https:\/\/www.vanderhaeghe-group.be\/fr\/#website"},"datePublished":"2017-10-16T16:01:53+00:00","dateModified":"2025-11-03T13:10:56+00:00","breadcrumb":{"@id":"https:\/\/www.vanderhaeghe-group.be\/fr\/la-societe\/#breadcrumb"},"inLanguage":"fr-FR","potentialAction":[{"@type":"ReadAction","target":["https:\/\/www.vanderhaeghe-group.be\/fr\/la-societe\/"]}]},{"@type":"BreadcrumbList","@id":"https:\/\/www.vanderhaeghe-group.be\/fr\/la-societe\/#breadcrumb","itemListElement":[{"@type":"ListItem","position":1,"name":"Home","item":"https:\/\/www.vanderhaeghe-group.be\/fr\/"},{"@type":"ListItem","position":2,"name":"La soci\u00e9t\u00e9"}]},{"@type":"WebSite","@id":"https:\/\/www.vanderhaeghe-group.be\/fr\/#website","url":"https:\/\/www.vanderhaeghe-group.be\/fr\/","name":"Hilaire Van der Haeghe","description":"HH Groep","publisher":{"@id":"https:\/\/www.vanderhaeghe-group.be\/fr\/#organization"},"potentialAction":[{"@type":"SearchAction","target":{"@type":"EntryPoint","urlTemplate":"https:\/\/www.vanderhaeghe-group.be\/fr\/?s={search_term_string}"},"query-input":{"@type":"PropertyValueSpecification","valueRequired":true,"valueName":"search_term_string"}}],"inLanguage":"fr-FR"},{"@type":"Organization","@id":"https:\/\/www.vanderhaeghe-group.be\/fr\/#organization","name":"Hilaire Van der Haeghe Group","url":"https:\/\/www.vanderhaeghe-group.be\/fr\/","logo":{"@type":"ImageObject","inLanguage":"fr-FR","@id":"https:\/\/www.vanderhaeghe-group.be\/fr\/#\/schema\/logo\/image\/","url":"https:\/\/www.vanderhaeghe-group.be\/wp-content\/uploads\/2017\/10\/test-logo-hh-nv.png","contentUrl":"https:\/\/www.vanderhaeghe-group.be\/wp-content\/uploads\/2017\/10\/test-logo-hh-nv.png","width":992,"height":386,"caption":"Hilaire Van der Haeghe Group"},"image":{"@id":"https:\/\/www.vanderhaeghe-group.be\/fr\/#\/schema\/logo\/image\/"}}]}},"_links":{"self":[{"href":"https:\/\/www.vanderhaeghe-group.be\/fr\/wp-json\/wp\/v2\/pages\/13080","targetHints":{"allow":["GET"]}}],"collection":[{"href":"https:\/\/www.vanderhaeghe-group.be\/fr\/wp-json\/wp\/v2\/pages"}],"about":[{"href":"https:\/\/www.vanderhaeghe-group.be\/fr\/wp-json\/wp\/v2\/types\/page"}],"author":[{"embeddable":true,"href":"https:\/\/www.vanderhaeghe-group.be\/fr\/wp-json\/wp\/v2\/users\/21"}],"replies":[{"embeddable":true,"href":"https:\/\/www.vanderhaeghe-group.be\/fr\/wp-json\/wp\/v2\/comments?post=13080"}],"version-history":[{"count":0,"href":"https:\/\/www.vanderhaeghe-group.be\/fr\/wp-json\/wp\/v2\/pages\/13080\/revisions"}],"wp:attachment":[{"href":"https:\/\/www.vanderhaeghe-group.be\/fr\/wp-json\/wp\/v2\/media?parent=13080"}],"curies":[{"name":"wp","href":"https:\/\/api.w.org\/{rel}","templated":true}]}}